{"id":8194,"date":"2022-04-11T07:25:32","date_gmt":"2022-04-11T07:25:32","guid":{"rendered":"https:\/\/www.euroboxpackaging.com\/politica-de-gestion\/"},"modified":"2022-05-18T13:04:51","modified_gmt":"2022-05-18T13:04:51","slug":"politique-de-gestion","status":"publish","type":"page","link":"https:\/\/www.euroboxpackaging.com\/fr\/politique-de-gestion\/","title":{"rendered":"Politique de gestion"},"content":{"rendered":"\t\t<div data-elementor-type=\"wp-page\" data-elementor-id=\"8194\" class=\"elementor elementor-8194 elementor-6671\" data-elementor-post-type=\"page\">\n\t\t\t\t\t\t<section class=\"elementor-section elementor-top-section elementor-element elementor-element-360e78e elementor-section-boxed elementor-section-height-default elementor-section-height-default\" data-id=\"360e78e\" data-element_type=\"section\" data-e-type=\"section\">\n\t\t\t\t\t\t<div class=\"elementor-container elementor-column-gap-default\">\n\t\t\t\t\t<div class=\"elementor-column elementor-col-100 elementor-top-column elementor-element elementor-element-0b2ed43\" data-id=\"0b2ed43\" data-element_type=\"column\" data-e-type=\"column\">\n\t\t\t<div class=\"elementor-widget-wrap elementor-element-populated\">\n\t\t\t\t\t\t<div class=\"elementor-element elementor-element-55de4ad elementor-widget elementor-widget-template\" data-id=\"55de4ad\" data-element_type=\"widget\" data-e-type=\"widget\" data-widget_type=\"template.default\">\n\t\t\t\t<div class=\"elementor-widget-container\">\n\t\t\t\t\t\t\t<div class=\"elementor-template\">\n\t\t\t\t\t<div data-elementor-type=\"section\" data-elementor-id=\"8121\" class=\"elementor elementor-8121 elementor-1107 elementor-1107\" data-elementor-post-type=\"elementor_library\">\n\t\t\t\t\t<section class=\"elementor-section elementor-top-section elementor-element elementor-element-c03487f elementor-section-boxed elementor-section-height-default elementor-section-height-default\" data-id=\"c03487f\" data-element_type=\"section\" data-e-type=\"section\">\n\t\t\t\t\t\t<div class=\"elementor-container elementor-column-gap-default\">\n\t\t\t\t\t<div class=\"elementor-column elementor-col-100 elementor-top-column elementor-element elementor-element-095aa6b\" data-id=\"095aa6b\" data-element_type=\"column\" data-e-type=\"column\">\n\t\t\t<div class=\"elementor-widget-wrap elementor-element-populated\">\n\t\t\t\t\t\t<div class=\"elementor-element elementor-element-5f51ecd elementor-align-left elementor-widget elementor-widget-breadcrumbs\" data-id=\"5f51ecd\" data-element_type=\"widget\" data-e-type=\"widget\" data-widget_type=\"breadcrumbs.default\">\n\t\t\t\t<div class=\"elementor-widget-container\">\n\t\t\t\t\t<p id=\"breadcrumbs\"><span><span><a href=\"https:\/\/www.euroboxpackaging.com\/fr\/\">Home<\/a><\/span><\/span><\/p>\t\t\t\t<\/div>\n\t\t\t\t<\/div>\n\t\t\t\t\t<\/div>\n\t\t<\/div>\n\t\t\t\t\t<\/div>\n\t\t<\/section>\n\t\t\t\t<\/div>\n\t\t\t\t<\/div>\n\t\t\t\t\t\t<\/div>\n\t\t\t\t<\/div>\n\t\t\t\t\t<\/div>\n\t\t<\/div>\n\t\t\t\t\t<\/div>\n\t\t<\/section>\n\t\t\t\t<section class=\"elementor-section elementor-top-section elementor-element elementor-element-d9fb3f0 elementor-section-boxed elementor-section-height-default elementor-section-height-default\" data-id=\"d9fb3f0\" data-element_type=\"section\" data-e-type=\"section\">\n\t\t\t\t\t\t<div class=\"elementor-container elementor-column-gap-default\">\n\t\t\t\t\t<div class=\"elementor-column elementor-col-100 elementor-top-column elementor-element elementor-element-5aa266f\" data-id=\"5aa266f\" data-element_type=\"column\" data-e-type=\"column\">\n\t\t\t<div class=\"elementor-widget-wrap elementor-element-populated\">\n\t\t\t\t\t\t<div class=\"elementor-element elementor-element-ef88db0 elementor-widget elementor-widget-heading\" data-id=\"ef88db0\" data-element_type=\"widget\" data-e-type=\"widget\" data-widget_type=\"heading.default\">\n\t\t\t\t<div class=\"elementor-widget-container\">\n\t\t\t\t\t<h1 class=\"elementor-heading-title elementor-size-default\">Politique de gestion<\/h1>\t\t\t\t<\/div>\n\t\t\t\t<\/div>\n\t\t\t\t<div class=\"elementor-element elementor-element-b6623e0 elementor-widget elementor-widget-text-editor\" data-id=\"b6623e0\" data-element_type=\"widget\" data-e-type=\"widget\" data-widget_type=\"text-editor.default\">\n\t\t\t\t<div class=\"elementor-widget-container\">\n\t\t\t\t\t\t\t\t\t<p>La Direction d&rsquo;ENVASES MET\u00c1LICOS EUROBOX, S.L, entreprise d\u00e9di\u00e9e \u00e0 la production de conteneurs m\u00e9talliques \u00e0 travers le pr\u00e9sent document a pour objectif d&rsquo;\u00e9tablir les principales directives de l&rsquo;entreprise dans le but de :<\/p><p>Assurer l&rsquo;am\u00e9lioration continue du service fourni, en satisfaisant toujours tant les exigences demand\u00e9es par les clients que les exigences r\u00e9glementaires et\/ou l\u00e9gales qui s&rsquo;appliquent, quelle que soit leur nature : qualit\u00e9, environnement, sant\u00e9 et s\u00e9curit\u00e9, responsabilit\u00e9 sociale, s\u00e9curit\u00e9 alimentaire.<br \/>Que nos clients per\u00e7oivent et appr\u00e9cient notre am\u00e9lioration continue, gr\u00e2ce \u00e0 un contact permanent et personnalis\u00e9, en assumant notre responsabilit\u00e9 envers nos clients.<br \/>L&rsquo;entreprise d\u00e9signe des personnes charg\u00e9es du contact avec les clients, avec lesquelles elle collabore \u00e9troitement par t\u00e9l\u00e9phone, par courrier \u00e9lectronique et par quelques visites en personne.<br \/>Atteindre un niveau \u00e9lev\u00e9 de s\u00e9curit\u00e9 alimentaire pour nos produits, en satisfaisant \u00e0 toutes les exigences l\u00e9gales.<br \/>Afin d&rsquo;atteindre cet objectif, l&rsquo;entreprise est certifi\u00e9e chaque ann\u00e9e depuis 2018 selon la norme mondiale pour les emballages et les mat\u00e9riaux d&#8217;emballage num\u00e9ro 5 &#8211; BRC\/IoP.<br \/>Offrir des produits qui r\u00e9pondent aux exigences les plus \u00e9lev\u00e9es de nos clients.<br \/>Assurer une relation appropri\u00e9e avec l&rsquo;environnement en ma\u00eetrisant la consommation d&rsquo;\u00e9nergie par rapport aux tonnes de fer blanc trait\u00e9es. Maintenir ou r\u00e9duire la consommation d&rsquo;eau hygi\u00e9nique par rapport aux tonnes de fer blanc trait\u00e9es.<br \/>Assurer la sant\u00e9 et la s\u00e9curit\u00e9 des travailleurs. \u00c0 cette fin, l&rsquo;entreprise a fait appel \u00e0 un service de diagnostic et de pr\u00e9vention des risques professionnels.<br \/>Garantir la responsabilit\u00e9 sociale et les droits de l&rsquo;homme dans toutes ses op\u00e9rations. L&rsquo;entreprise garantit qu&rsquo;elle se conformera \u00e0 la l\u00e9gislation espagnole et europ\u00e9enne.<br \/>\u00c0 cette fin, et en prenant toujours comme r\u00e9f\u00e9rence la norme mondiale de s\u00e9curit\u00e9 alimentaire BRC, la gestion de la qualit\u00e9 ISO 9001, le commerce \u00e9thique SEDEX-SMETA, la direction g\u00e9n\u00e9rale assume et prolonge l&rsquo;engagement suivant :<\/p><p>Se conformer \u00e0 la politique de gestion (qualit\u00e9, sant\u00e9 et s\u00e9curit\u00e9, s\u00e9curit\u00e9 alimentaire et responsabilit\u00e9 sociale). Diriger le d\u00e9veloppement et la mise en \u0153uvre du syst\u00e8me de gestion et rechercher toujours la voie de l&rsquo;am\u00e9lioration continue de son efficacit\u00e9, en fixant des objectifs ambitieux dans ce sens.<br \/>Maintenir un contact permanent avec les parties int\u00e9ress\u00e9es, afin de conna\u00eetre leurs impacts et leurs besoins, en minimisant le co\u00fbt pour la soci\u00e9t\u00e9, en contactant fr\u00e9quemment les clients et les organismes publics.<br \/>Veiller \u00e0 ce que tout le personnel respecte les dispositions des manuels et des proc\u00e9dures, en agissant toujours avec une mentalit\u00e9 pr\u00e9ventive, en offrant les moyens d&rsquo;y parvenir.<br \/>Augmenter le niveau de formation de notre personnel, ce qui se traduit par une plus grande satisfaction personnelle, une am\u00e9lioration de l&rsquo;environnement de travail, une am\u00e9lioration tant de la prestation de nos services que de la s\u00e9curit\u00e9 alimentaire de nos produits, et un moindre co\u00fbt pour l&rsquo;environnement et les personnes.<br \/>EUROBOX \u00e9tablira annuellement un plan strat\u00e9gique qui inclura les objectifs visant \u00e0 garantir le contenu de cette politique de qualit\u00e9, de s\u00e9curit\u00e9 alimentaire et d&rsquo;environnement.<\/p><p>En ce qui concerne la politique d&rsquo;Eurobox en mati\u00e8re de durabilit\u00e9 environnementale, Eurobox s&rsquo;efforce d&rsquo;utiliser efficacement les ressources en \u00e9nergie et en eau qu&rsquo;elle consomme, en les g\u00e9rant de mani\u00e8re durable, et notre objectif est de r\u00e9duire les d\u00e9chets au minimum.<br \/>\u00c0 cette fin, la consommation d&rsquo;\u00e9lectricit\u00e9, d&rsquo;eau et de d\u00e9chets sera contr\u00f4l\u00e9e et suivie.<\/p><p>En ce qui concerne la politique commerciale \u00e9thique, Eurobox d\u00e9clare respecter les droits de l&rsquo;homme dans son activit\u00e9 commerciale, conform\u00e9ment aux principes directeurs de l&rsquo;OCDE pour les entreprises 2000, au Pacte mondial des Nations unies, aux conventions 87, 138 et 182 de l&rsquo;OIT et \u00e0 l&rsquo;article 32 de la convention des Nations unies relative aux droits de l&rsquo;enfant.<br \/>Le guide \u00ab\u00a0Guiding Principles on Business and Human Rights\u00a0\u00bb pour la mise en \u0153uvre du cadre des Nations unies &#8211; prot\u00e9ger, respecter et r\u00e9parer (valeurs UNGP) est pris comme document de r\u00e9f\u00e9rence.<\/p><p>En outre, il convient de souligner que l&rsquo;entreprise ne r\u00e9alise pas de tests sur les animaux et ne porte pas atteinte au sol sur lequel elle est implant\u00e9e et qu&rsquo;elle forme ses employ\u00e9s en contact avec les clients et les fournisseurs \u00e0 l&rsquo;\u00e9thique des affaires.<br \/>Si une partie int\u00e9ress\u00e9e constate des violations des principes commerciaux, Eurobox dispose de plusieurs canaux de communication pour les signaler et n&rsquo;exercera pas de repr\u00e9sailles \u00e0 l&rsquo;encontre de l&rsquo;informateur :<\/p><p>T\u00e9l\u00e9phone : +34 96 654 49 07<br \/>Courriel : eurobox@euroboxenvases.com<br \/>Adresse postale : Av. Benidorm, 20 &#8211; 03814 &#8211; Benasau (Alicante)<br \/>Bo\u00eete \u00e0 suggestions dans les locaux d&rsquo;Eurobox<\/p>\t\t\t\t\t\t\t\t<\/div>\n\t\t\t\t<\/div>\n\t\t\t\t\t<\/div>\n\t\t<\/div>\n\t\t\t\t\t<\/div>\n\t\t<\/section>\n\t\t\t\t<\/div>\n\t\t","protected":false},"excerpt":{"rendered":"<p>Politique de gestion La Direction d&rsquo;ENVASES MET\u00c1LICOS EUROBOX, S.L, entreprise d\u00e9di\u00e9e \u00e0 la production de conteneurs m\u00e9talliques \u00e0 travers le pr\u00e9sent document a pour objectif d&rsquo;\u00e9tablir les principales directives de l&rsquo;entreprise dans le but de : Assurer l&rsquo;am\u00e9lioration continue du service fourni, en satisfaisant toujours tant les exigences demand\u00e9es par les clients que les exigences [&hellip;]<\/p>\n","protected":false},"author":1,"featured_media":0,"parent":0,"menu_order":0,"comment_status":"closed","ping_status":"closed","template":"","meta":{"_acf_changed":false,"footnotes":""},"class_list":["post-8194","page","type-page","status-publish","hentry"],"acf":[],"yoast_head":"<!-- This site is optimized with the Yoast SEO plugin v27.5 - https:\/\/yoast.com\/product\/yoast-seo-wordpress\/ -->\n<title>Politique de gestion - Eurobox<\/title>\n<meta name=\"description\" content=\"Politique de gestion La Direction d&#039;ENVASES MET\u00c1LICOS EUROBOX, S.L, entreprise d\u00e9di\u00e9e \u00e0 la production de conteneurs m\u00e9talliques \u00e0 travers le pr\u00e9sent\" \/>\n<meta name=\"robots\" content=\"index, follow, max-snippet:-1, max-image-preview:large, max-video-preview:-1\" \/>\n<link rel=\"canonical\" href=\"https:\/\/www.euroboxpackaging.com\/fr\/politique-de-gestion\/\" \/>\n<meta property=\"og:locale\" content=\"fr_FR\" \/>\n<meta property=\"og:type\" content=\"article\" \/>\n<meta property=\"og:title\" content=\"Politique de gestion - Eurobox\" \/>\n<meta property=\"og:description\" content=\"Politique de gestion La Direction d&#039;ENVASES MET\u00c1LICOS EUROBOX, S.L, entreprise d\u00e9di\u00e9e \u00e0 la production de conteneurs m\u00e9talliques \u00e0 travers le pr\u00e9sent\" \/>\n<meta property=\"og:url\" content=\"https:\/\/www.euroboxpackaging.com\/fr\/politique-de-gestion\/\" \/>\n<meta property=\"og:site_name\" content=\"Eurobox\" \/>\n<meta property=\"article:modified_time\" content=\"2022-05-18T13:04:51+00:00\" \/>\n<meta name=\"twitter:card\" content=\"summary_large_image\" \/>\n<meta name=\"twitter:label1\" content=\"Dur\u00e9e de lecture estim\u00e9e\" \/>\n\t<meta name=\"twitter:data1\" content=\"4 minutes\" \/>\n<script type=\"application\/ld+json\" class=\"yoast-schema-graph\">{\"@context\":\"https:\\\/\\\/schema.org\",\"@graph\":[{\"@type\":\"WebPage\",\"@id\":\"https:\\\/\\\/www.euroboxpackaging.com\\\/fr\\\/politique-de-gestion\\\/\",\"url\":\"https:\\\/\\\/www.euroboxpackaging.com\\\/fr\\\/politique-de-gestion\\\/\",\"name\":\"Politique de gestion - Eurobox\",\"isPartOf\":{\"@id\":\"https:\\\/\\\/www.euroboxpackaging.com\\\/fr\\\/#website\"},\"datePublished\":\"2022-04-11T07:25:32+00:00\",\"dateModified\":\"2022-05-18T13:04:51+00:00\",\"description\":\"Politique de gestion La Direction d'ENVASES MET\u00c1LICOS EUROBOX, S.L, entreprise d\u00e9di\u00e9e \u00e0 la production de conteneurs m\u00e9talliques \u00e0 travers le pr\u00e9sent\",\"breadcrumb\":{\"@id\":\"https:\\\/\\\/www.euroboxpackaging.com\\\/fr\\\/politique-de-gestion\\\/#breadcrumb\"},\"inLanguage\":\"fr-FR\",\"potentialAction\":[{\"@type\":\"ReadAction\",\"target\":[\"https:\\\/\\\/www.euroboxpackaging.com\\\/fr\\\/politique-de-gestion\\\/\"]}]},{\"@type\":\"BreadcrumbList\",\"@id\":\"https:\\\/\\\/www.euroboxpackaging.com\\\/fr\\\/politique-de-gestion\\\/#breadcrumb\",\"itemListElement\":[{\"@type\":\"ListItem\",\"position\":1,\"name\":\"Home\",\"item\":\"https:\\\/\\\/www.euroboxpackaging.com\\\/fr\\\/\"},{\"@type\":\"ListItem\",\"position\":2,\"name\":\"Politique de gestion\"}]},{\"@type\":\"WebSite\",\"@id\":\"https:\\\/\\\/www.euroboxpackaging.com\\\/fr\\\/#website\",\"url\":\"https:\\\/\\\/www.euroboxpackaging.com\\\/fr\\\/\",\"name\":\"Eurobox\",\"description\":\"Otro sitio realizado con WordPress\",\"potentialAction\":[{\"@type\":\"SearchAction\",\"target\":{\"@type\":\"EntryPoint\",\"urlTemplate\":\"https:\\\/\\\/www.euroboxpackaging.com\\\/fr\\\/?s={search_term_string}\"},\"query-input\":{\"@type\":\"PropertyValueSpecification\",\"valueRequired\":true,\"valueName\":\"search_term_string\"}}],\"inLanguage\":\"fr-FR\"}]}<\/script>\n<!-- \/ Yoast SEO plugin. -->","yoast_head_json":{"title":"Politique de gestion - Eurobox","description":"Politique de gestion La Direction d'ENVASES MET\u00c1LICOS EUROBOX, S.L, entreprise d\u00e9di\u00e9e \u00e0 la production de conteneurs m\u00e9talliques \u00e0 travers le pr\u00e9sent","robots":{"index":"index","follow":"follow","max-snippet":"max-snippet:-1","max-image-preview":"max-image-preview:large","max-video-preview":"max-video-preview:-1"},"canonical":"https:\/\/www.euroboxpackaging.com\/fr\/politique-de-gestion\/","og_locale":"fr_FR","og_type":"article","og_title":"Politique de gestion - Eurobox","og_description":"Politique de gestion La Direction d'ENVASES MET\u00c1LICOS EUROBOX, S.L, entreprise d\u00e9di\u00e9e \u00e0 la production de conteneurs m\u00e9talliques \u00e0 travers le pr\u00e9sent","og_url":"https:\/\/www.euroboxpackaging.com\/fr\/politique-de-gestion\/","og_site_name":"Eurobox","article_modified_time":"2022-05-18T13:04:51+00:00","twitter_card":"summary_large_image","twitter_misc":{"Dur\u00e9e de lecture estim\u00e9e":"4 minutes"},"schema":{"@context":"https:\/\/schema.org","@graph":[{"@type":"WebPage","@id":"https:\/\/www.euroboxpackaging.com\/fr\/politique-de-gestion\/","url":"https:\/\/www.euroboxpackaging.com\/fr\/politique-de-gestion\/","name":"Politique de gestion - Eurobox","isPartOf":{"@id":"https:\/\/www.euroboxpackaging.com\/fr\/#website"},"datePublished":"2022-04-11T07:25:32+00:00","dateModified":"2022-05-18T13:04:51+00:00","description":"Politique de gestion La Direction d'ENVASES MET\u00c1LICOS EUROBOX, S.L, entreprise d\u00e9di\u00e9e \u00e0 la production de conteneurs m\u00e9talliques \u00e0 travers le pr\u00e9sent","breadcrumb":{"@id":"https:\/\/www.euroboxpackaging.com\/fr\/politique-de-gestion\/#breadcrumb"},"inLanguage":"fr-FR","potentialAction":[{"@type":"ReadAction","target":["https:\/\/www.euroboxpackaging.com\/fr\/politique-de-gestion\/"]}]},{"@type":"BreadcrumbList","@id":"https:\/\/www.euroboxpackaging.com\/fr\/politique-de-gestion\/#breadcrumb","itemListElement":[{"@type":"ListItem","position":1,"name":"Home","item":"https:\/\/www.euroboxpackaging.com\/fr\/"},{"@type":"ListItem","position":2,"name":"Politique de gestion"}]},{"@type":"WebSite","@id":"https:\/\/www.euroboxpackaging.com\/fr\/#website","url":"https:\/\/www.euroboxpackaging.com\/fr\/","name":"Eurobox","description":"Otro sitio realizado con WordPress","potentialAction":[{"@type":"SearchAction","target":{"@type":"EntryPoint","urlTemplate":"https:\/\/www.euroboxpackaging.com\/fr\/?s={search_term_string}"},"query-input":{"@type":"PropertyValueSpecification","valueRequired":true,"valueName":"search_term_string"}}],"inLanguage":"fr-FR"}]}},"_links":{"self":[{"href":"https:\/\/www.euroboxpackaging.com\/fr\/wp-json\/wp\/v2\/pages\/8194","targetHints":{"allow":["GET"]}}],"collection":[{"href":"https:\/\/www.euroboxpackaging.com\/fr\/wp-json\/wp\/v2\/pages"}],"about":[{"href":"https:\/\/www.euroboxpackaging.com\/fr\/wp-json\/wp\/v2\/types\/page"}],"author":[{"embeddable":true,"href":"https:\/\/www.euroboxpackaging.com\/fr\/wp-json\/wp\/v2\/users\/1"}],"replies":[{"embeddable":true,"href":"https:\/\/www.euroboxpackaging.com\/fr\/wp-json\/wp\/v2\/comments?post=8194"}],"version-history":[{"count":0,"href":"https:\/\/www.euroboxpackaging.com\/fr\/wp-json\/wp\/v2\/pages\/8194\/revisions"}],"wp:attachment":[{"href":"https:\/\/www.euroboxpackaging.com\/fr\/wp-json\/wp\/v2\/media?parent=8194"}],"curies":[{"name":"wp","href":"https:\/\/api.w.org\/{rel}","templated":true}]}}