{"id":8192,"date":"2022-04-11T07:25:00","date_gmt":"2022-04-11T07:25:00","guid":{"rendered":"https:\/\/www.euroboxpackaging.com\/politica-de-cookies\/"},"modified":"2022-05-23T14:38:54","modified_gmt":"2022-05-23T14:38:54","slug":"politique-de-cookies","status":"publish","type":"page","link":"https:\/\/www.euroboxpackaging.com\/fr\/politique-de-cookies\/","title":{"rendered":"Politique de cookies"},"content":{"rendered":"\t\t<div data-elementor-type=\"wp-page\" data-elementor-id=\"8192\" class=\"elementor elementor-8192 elementor-6669\" data-elementor-post-type=\"page\">\n\t\t\t\t\t\t<section class=\"elementor-section elementor-top-section elementor-element elementor-element-86b5ad0 elementor-section-boxed elementor-section-height-default elementor-section-height-default elementor-invisible\" data-id=\"86b5ad0\" data-element_type=\"section\" data-e-type=\"section\" data-settings=\"{&quot;animation&quot;:&quot;slideInUp&quot;}\">\n\t\t\t\t\t\t<div class=\"elementor-container elementor-column-gap-default\">\n\t\t\t\t\t<div class=\"elementor-column elementor-col-100 elementor-top-column elementor-element elementor-element-1a49f46\" data-id=\"1a49f46\" data-element_type=\"column\" data-e-type=\"column\">\n\t\t\t<div class=\"elementor-widget-wrap elementor-element-populated\">\n\t\t\t\t\t\t<div class=\"elementor-element elementor-element-cb3606a elementor-widget elementor-widget-template\" data-id=\"cb3606a\" data-element_type=\"widget\" data-e-type=\"widget\" data-widget_type=\"template.default\">\n\t\t\t\t<div class=\"elementor-widget-container\">\n\t\t\t\t\t\t\t<div class=\"elementor-template\">\n\t\t\t\t\t<div data-elementor-type=\"section\" data-elementor-id=\"8121\" class=\"elementor elementor-8121 elementor-1107 elementor-1107\" data-elementor-post-type=\"elementor_library\">\n\t\t\t\t\t<section class=\"elementor-section elementor-top-section elementor-element elementor-element-c03487f elementor-section-boxed elementor-section-height-default elementor-section-height-default\" data-id=\"c03487f\" data-element_type=\"section\" data-e-type=\"section\">\n\t\t\t\t\t\t<div class=\"elementor-container elementor-column-gap-default\">\n\t\t\t\t\t<div class=\"elementor-column elementor-col-100 elementor-top-column elementor-element elementor-element-095aa6b\" data-id=\"095aa6b\" data-element_type=\"column\" data-e-type=\"column\">\n\t\t\t<div class=\"elementor-widget-wrap elementor-element-populated\">\n\t\t\t\t\t\t<div class=\"elementor-element elementor-element-5f51ecd elementor-align-left elementor-widget elementor-widget-breadcrumbs\" data-id=\"5f51ecd\" data-element_type=\"widget\" data-e-type=\"widget\" data-widget_type=\"breadcrumbs.default\">\n\t\t\t\t<div class=\"elementor-widget-container\">\n\t\t\t\t\t<p id=\"breadcrumbs\"><span><span><a href=\"https:\/\/www.euroboxpackaging.com\/fr\/\">Home<\/a><\/span><\/span><\/p>\t\t\t\t<\/div>\n\t\t\t\t<\/div>\n\t\t\t\t\t<\/div>\n\t\t<\/div>\n\t\t\t\t\t<\/div>\n\t\t<\/section>\n\t\t\t\t<\/div>\n\t\t\t\t<\/div>\n\t\t\t\t\t\t<\/div>\n\t\t\t\t<\/div>\n\t\t\t\t\t<\/div>\n\t\t<\/div>\n\t\t\t\t\t<\/div>\n\t\t<\/section>\n\t\t\t\t<section class=\"elementor-section elementor-top-section elementor-element elementor-element-6be060f elementor-section-boxed elementor-section-height-default elementor-section-height-default elementor-invisible\" data-id=\"6be060f\" data-element_type=\"section\" data-e-type=\"section\" data-settings=\"{&quot;animation&quot;:&quot;slideInUp&quot;}\">\n\t\t\t\t\t\t<div class=\"elementor-container elementor-column-gap-default\">\n\t\t\t\t\t<div class=\"elementor-column elementor-col-100 elementor-top-column elementor-element elementor-element-7990635\" data-id=\"7990635\" data-element_type=\"column\" data-e-type=\"column\">\n\t\t\t<div class=\"elementor-widget-wrap elementor-element-populated\">\n\t\t\t\t\t\t<div class=\"elementor-element elementor-element-8e00d5b elementor-widget elementor-widget-heading\" data-id=\"8e00d5b\" data-element_type=\"widget\" data-e-type=\"widget\" data-widget_type=\"heading.default\">\n\t\t\t\t<div class=\"elementor-widget-container\">\n\t\t\t\t\t<h1 class=\"elementor-heading-title elementor-size-default\">Politique de Cookies<\/h1>\t\t\t\t<\/div>\n\t\t\t\t<\/div>\n\t\t\t\t<div class=\"elementor-element elementor-element-70f7be2 elementor-widget elementor-widget-text-editor\" data-id=\"70f7be2\" data-element_type=\"widget\" data-e-type=\"widget\" data-widget_type=\"text-editor.default\">\n\t\t\t\t<div class=\"elementor-widget-container\">\n\t\t\t\t\t\t\t\t\t<div id=\"titularContenido\"><div id=\"titularContenido\"><strong>Informations g\u00e9n\u00e9rales<\/strong><\/div><div><p>Nous utilisons des cookies pour faciliter l\u2019utilisation de notre site Web.<\/p><p>Les cookies nous permettent de mieux comprendre comment nos utilisateurs naviguent sur notre site Web et, de cette mani\u00e8re, de pouvoir les aider pendant le processus de navigation en leur montrant les informations qui les int\u00e9ressent.<\/p><p>Les cookies que nous utilisons ne stockent pas de donn\u00e9es personnelles, conform\u00e9ment \u00e0 la loi organique sur la protection des donn\u00e9es, ni aucun type d\u2019informations pouvant vous identifier.<\/p><p>Si vous ne souhaitez pas recevoir de cookies, configurez votre navigateur Internet pour les supprimer du disque dur de votre ordinateur, les bloquer ou vous informer s\u2019ils vont \u00eatre install\u00e9s.<\/p><p>Pour continuer sans modifier les param\u00e8tres des cookies, continuez simplement \u00e0 naviguer sur le site Web.<\/p><p><strong>Que sont les cookies?<\/strong><\/p><p>Un cookie est un fichier qui est t\u00e9l\u00e9charg\u00e9 sur votre ordinateur lorsque vous acc\u00e9dez \u00e0 certaines pages Web.<\/p><p>Les cookies permettent, entre autres, \u00e0 une page Web de stocker et de r\u00e9cup\u00e9rer des informations sur les habitudes de navigation d\u2019un utilisateur ou de son \u00e9quipement et, en fonction des informations qu\u2019ils contiennent et de la fa\u00e7on dont ils utilisent leur \u00e9quipement, ils peuvent \u00eatre utilis\u00e9s pour reconna\u00eetre \u00e0 l\u2019utilisateur.<\/p><p><strong>Comment fonctionnent les cookies?<\/strong><\/p><p>Les cookies ne peuvent stocker que du texte. Il est g\u00e9n\u00e9ralement toujours anonyme et crypt\u00e9.<\/p><p>Aucune information personnelle ne sera stock\u00e9e dans un cookie.<\/p><p>Les cookies ne peuvent pas \u00eatre associ\u00e9s \u00e0 une personne identifi\u00e9e ou identifiable.<\/p><p><strong>Quels types de cookies utilisons-nous?<\/strong><\/p><p>Les cookies utilis\u00e9s par ce site Web peuvent \u00eatre distingu\u00e9s selon les crit\u00e8res suivants:<\/p><ol><li><strong>Types de cookies selon l\u2019entit\u00e9 qui les g\u00e8re:<\/strong><br \/>En fonction de l\u2019entit\u00e9 qui g\u00e8re l\u2019ordinateur ou le domaine \u00e0 partir duquel les cookies sont envoy\u00e9s et traite les donn\u00e9es obtenues, nous pouvons distinguer:<p>\u00a0<\/p><ul><li>Cookies propres: ce sont ceux qui sont envoy\u00e9s \u00e0 l\u2019\u00e9quipement terminal de l\u2019utilisateur \u00e0 partir d\u2019un ordinateur ou d\u2019un domaine g\u00e9r\u00e9 par l\u2019\u00e9diteur lui-m\u00eame et \u00e0 partir duquel le service demand\u00e9 par l\u2019utilisateur est fourni.<\/li><li>Cookies tiers: ceux qui sont envoy\u00e9s \u00e0 l\u2019\u00e9quipement terminal de l\u2019utilisateur \u00e0 partir d\u2019un ordinateur ou d\u2019un domaine qui n\u2019est pas g\u00e9r\u00e9 par l\u2019\u00e9diteur mais par une autre entit\u00e9 qui traite les donn\u00e9es obtenues via les cookies. Dans le cas o\u00f9 des cookies sont install\u00e9s \u00e0 partir d\u2019un ordinateur ou d\u2019un domaine g\u00e9r\u00e9 par l\u2019\u00e9diteur lui-m\u00eame mais les informations collect\u00e9es par leur interm\u00e9diaire sont g\u00e9r\u00e9es par un tiers, ne peuvent pas \u00eatre consid\u00e9r\u00e9es comme leurs propres cookies.<\/li><\/ul><\/li><li><strong>Types de cookies en fonction de la dur\u00e9e pendant laquelle ils restent activ\u00e9s:<\/strong><br \/>Selon la p\u00e9riode de temps pendant laquelle ils restent activ\u00e9s dans l\u2019\u00e9quipement terminal, nous pouvons distinguer:<p>\u00a0<\/p><ul><li>Cookies de session: il s\u2019agit d\u2019un type de cookie con\u00e7u pour collecter et stocker des donn\u00e9es pendant que l\u2019utilisateur acc\u00e8de \u00e0 une page Web. Ils sont g\u00e9n\u00e9ralement utilis\u00e9s pour stocker des informations qui ne sont int\u00e9ressantes qu\u2019\u00e0 conserver pour la fourniture du service demand\u00e9 par l\u2019utilisateur en une seule fois (par exemple une liste de produits achet\u00e9s).<\/li><li>Cookies persistants: il s\u2019agit d\u2019un type de cookie dans lequel les donn\u00e9es sont toujours stock\u00e9es dans le terminal et peuvent \u00eatre consult\u00e9es et trait\u00e9es pendant une p\u00e9riode d\u00e9finie par la personne responsable du cookie, et qui peut aller de quelques minutes \u00e0 plusieurs ann\u00e9es.<\/li><\/ul><\/li><li><strong>Types de cookies en fonction de leur objectif:<\/strong><br \/>Selon la finalit\u00e9 pour laquelle les donn\u00e9es obtenues gr\u00e2ce aux cookies sont trait\u00e9es, nous pouvons distinguer:<p>\u00a0<\/p><ul><li>Cookies techniques: sont ceux qui permettent \u00e0 l\u2019utilisateur de naviguer sur une page Web, une plate-forme ou une application et d\u2019utiliser les diff\u00e9rentes options ou services qui y existent, tels que, par exemple, contr\u00f4ler le trafic et la communication de donn\u00e9es, identifier le session, acc\u00e9der \u00e0 des parties \u00e0 acc\u00e8s restreint, m\u00e9moriser les \u00e9l\u00e9ments qui composent une commande, effectuer le processus d\u2019achat d\u2019une commande, faire la demande d\u2019inscription ou de participation \u00e0 un \u00e9v\u00e9nement, utiliser des \u00e9l\u00e9ments de s\u00e9curit\u00e9 lors de la navigation, stocker du contenu pour diffusion de vid\u00e9os ou de son ou de partager du contenu via les r\u00e9seaux sociaux.<\/li><li>Cookies de personnalisation: ce sont ceux qui permettent \u00e0 l\u2019utilisateur d\u2019acc\u00e9der au service avec certaines caract\u00e9ristiques g\u00e9n\u00e9rales pr\u00e9d\u00e9finies bas\u00e9es sur une s\u00e9rie de crit\u00e8res dans le terminal de l\u2019utilisateur, tels que la langue, le type de navigateur par lequel ils acc\u00e8dent au service , la configuration r\u00e9gionale \u00e0 partir de laquelle vous acc\u00e9dez au service, etc.<\/li><li>Cookies d\u2019analyse: ce sont ceux qui permettent \u00e0 leur responsable de surveiller et d\u2019analyser le comportement des utilisateurs des sites Internet auxquels ils sont li\u00e9s. Les informations collect\u00e9es par ce type de cookies sont utilis\u00e9es dans la mesure de l\u2019activit\u00e9 des sites Web, des applications ou des plateformes et pour l\u2019\u00e9laboration des profils de navigation des utilisateurs desdits sites, applications et plateformes, afin d\u2019introduire des am\u00e9liorations dans fonction de l\u2019analyse des donn\u00e9es d\u2019utilisation faite par les utilisateurs du service.<\/li><li>Cookies publicitaires: sont ceux qui permettent la gestion, de la mani\u00e8re la plus efficace possible, des espaces publicitaires que l\u2019\u00e9diteur a inclus, le cas \u00e9ch\u00e9ant, dans une page Web, une application ou une plateforme \u00e0 partir de laquelle le service demand\u00e9 est fourni sur la base de crit\u00e8res tels que le contenu modifi\u00e9 ou la fr\u00e9quence \u00e0 laquelle les annonces sont affich\u00e9es.<\/li><li>Cookies publicitaires comportementaux: ce sont ceux qui permettent la gestion, de la mani\u00e8re la plus efficace possible, des espaces publicitaires que l\u2019\u00e9diteur a inclus, le cas \u00e9ch\u00e9ant, dans une page Web, une application ou une plateforme \u00e0 partir de laquelle le service demand\u00e9 est fourni. Ces cookies stockent des informations sur le comportement des utilisateurs obtenues gr\u00e2ce \u00e0 l\u2019observation continue de leurs habitudes de navigation, permettant le d\u00e9veloppement d\u2019un profil sp\u00e9cifique pour afficher des publicit\u00e9s bas\u00e9es sur celui-ci.<\/li><\/ul><\/li><\/ol><p><strong>Outil de gestion des cookies<\/strong><\/p><p>Ce site Web utilise Google Analytics.<\/p><p>Google Analytics est un outil gratuit d\u2019analyse Web de Google qui permet principalement aux propri\u00e9taires de sites Web de savoir comment les utilisateurs interagissent avec leur site Web. Il active \u00e9galement les cookies dans le domaine du site o\u00f9 vous vous trouvez et utilise un ensemble de cookies appel\u00e9s \u00ab\u00a0__utma\u00a0\u00bb et \u00ab\u00a0__utmz\u00a0\u00bb pour collecter des informations de mani\u00e8re anonyme et pr\u00e9parer des rapports sur les tendances du site Web sans identifier les utilisateurs individuels.<\/p><p>Pour faire les statistiques d\u2019utilisation de ce Web, nous utilisons des cookies afin de conna\u00eetre le niveau de r\u00e9currence de nos visiteurs et les contenus les plus int\u00e9ressants.<\/p><p>De cette fa\u00e7on, nous pouvons concentrer nos efforts sur l\u2019am\u00e9lioration des zones les plus visit\u00e9es et faciliter la recherche par l\u2019utilisateur de ce qu\u2019il recherche.<\/p><p>Sur ce site, les informations de votre visite peuvent \u00eatre utilis\u00e9es pour effectuer des \u00e9valuations et des calculs statistiques sur des donn\u00e9es anonymes, ainsi que pour garantir la continuit\u00e9 du service ou pour apporter des am\u00e9liorations \u00e0 ses sites Web.<\/p><p>Pour plus de d\u00e9tails, consultez la politique de confidentialit\u00e9 sur le lien suivant. [<a title=\"https:\/\/policies.google.com\/privacy?hl=fr\" href=\"https:\/\/policies.google.com\/privacy?hl=fr\">https:\/\/policies.google.com\/privacy?hl=fr<\/a>]<\/p><p><strong>Comment g\u00e9rer les cookies sur votre ordinateur: d\u00e9sactivation et suppression des cookies<\/strong><\/p><p>Tous les navigateurs Internet vous permettent de limiter le comportement d\u2019un cookie ou de d\u00e9sactiver les cookies dans les param\u00e8tres ou options du navigateur.<\/p><p>Les \u00e9tapes pour le faire sont diff\u00e9rentes pour chaque navigateur. Les instructions se trouvent dans le menu d\u2019aide de votre navigateur.<br \/>Si vous n\u2019acceptez pas l\u2019utilisation de cookies, car il est possible de les refuser via les menus de pr\u00e9f\u00e9rences ou les param\u00e8tres de votre navigateur, ce site continuera \u00e0 fonctionner correctement sans l\u2019utilisation de cookies.<\/p><p>Vous pouvez autoriser, bloquer ou supprimer les cookies install\u00e9s sur votre ordinateur en configurant les options du navigateur install\u00e9 sur votre ordinateur:<\/p><p>Pour plus d\u2019informations sur Internet Explorer,\u00a0<a href=\"http:\/\/windows.microsoft.com\/es-ES\/windows-vista\/Block-or-allow-cookies\">cliquez ici<\/a>.<br \/>Pour plus d\u2019informations sur Chrome,\u00a0<a href=\"https:\/\/support.google.com\/chrome\/answer\/95647?hl=es&amp;hlrm=en\">cliquez ici<\/a>.<br \/>Pour plus d\u2019informations sur Safari,\u00a0<a href=\"http:\/\/support.apple.com\/kb\/HT1677?viewlocale=es_ES\">cliquez ici<\/a>.<br \/>Pour plus d\u2019informations sur Firefox,\u00a0<a href=\"http:\/\/support.mozilla.org\/es\/kb\/cookies-informacion-que-los-sitios-web-guardan-en-?redirectlocale=en-US&amp;redirectslug=Cookies\">cliquez ici<\/a>.<br \/>Gr\u00e2ce \u00e0 votre navigateur, vous pouvez voir les cookies qui se trouvent sur votre ordinateur et les supprimer comme bon vous semble.<br \/>Les cookies sont des fichiers texte; vous pouvez les ouvrir et lire le contenu. Les donn\u00e9es qu\u2019elles contiennent sont presque toujours chiffr\u00e9es avec une cl\u00e9 num\u00e9rique correspondant \u00e0 une session sur Internet.<\/p><p><strong>Consentement \u00e9clair\u00e9<\/strong><\/p><p>L\u2019utilisation de ce site Web par vous implique que vous donnez votre consentement expr\u00e8s et sans \u00e9quivoque \u00e0 l\u2019utilisation de cookies, selon les termes et conditions pr\u00e9vus dans la pr\u00e9sente politique de cookies, sans pr\u00e9judice des mesures de d\u00e9sactivation et d\u2019\u00e9limination des cookies qui peuvent adopter et qui sont mentionn\u00e9s dans la section pr\u00e9c\u00e9dente.<\/p><\/div><\/div>\t\t\t\t\t\t\t\t<\/div>\n\t\t\t\t<\/div>\n\t\t\t\t\t<\/div>\n\t\t<\/div>\n\t\t\t\t\t<\/div>\n\t\t<\/section>\n\t\t\t\t<\/div>\n\t\t","protected":false},"excerpt":{"rendered":"<p>Politique de Cookies Informations g\u00e9n\u00e9rales Nous utilisons des cookies pour faciliter l\u2019utilisation de notre site Web. Les cookies nous permettent de mieux comprendre comment nos utilisateurs naviguent sur notre site Web et, de cette mani\u00e8re, de pouvoir les aider pendant le processus de navigation en leur montrant les informations qui les int\u00e9ressent. Les cookies que [&hellip;]<\/p>\n","protected":false},"author":1,"featured_media":0,"parent":0,"menu_order":0,"comment_status":"closed","ping_status":"closed","template":"","meta":{"_acf_changed":false,"footnotes":""},"class_list":["post-8192","page","type-page","status-publish","hentry"],"acf":[],"yoast_head":"<!-- This site is optimized with the Yoast SEO plugin v27.5 - https:\/\/yoast.com\/product\/yoast-seo-wordpress\/ -->\n<title>Politique de cookies - Eurobox<\/title>\n<meta name=\"description\" content=\"Politique de Cookies Informations g\u00e9n\u00e9ralesNous utilisons des cookies pour faciliter l\u2019utilisation de notre site Web.Les cookies nous permettent de mieux\" \/>\n<meta name=\"robots\" content=\"noindex, follow\" \/>\n<meta property=\"og:locale\" content=\"fr_FR\" \/>\n<meta property=\"og:type\" content=\"article\" \/>\n<meta property=\"og:title\" content=\"Politique de cookies - Eurobox\" \/>\n<meta property=\"og:description\" content=\"Politique de Cookies Informations g\u00e9n\u00e9ralesNous utilisons des cookies pour faciliter l\u2019utilisation de notre site Web.Les cookies nous permettent de mieux\" \/>\n<meta property=\"og:url\" content=\"https:\/\/www.euroboxpackaging.com\/fr\/politique-de-cookies\/\" \/>\n<meta property=\"og:site_name\" content=\"Eurobox\" \/>\n<meta property=\"article:modified_time\" content=\"2022-05-23T14:38:54+00:00\" \/>\n<meta name=\"twitter:card\" content=\"summary_large_image\" \/>\n<meta name=\"twitter:label1\" content=\"Dur\u00e9e de lecture estim\u00e9e\" \/>\n\t<meta name=\"twitter:data1\" content=\"8 minutes\" \/>\n<script type=\"application\/ld+json\" class=\"yoast-schema-graph\">{\"@context\":\"https:\\\/\\\/schema.org\",\"@graph\":[{\"@type\":\"WebPage\",\"@id\":\"https:\\\/\\\/www.euroboxpackaging.com\\\/fr\\\/politique-de-cookies\\\/\",\"url\":\"https:\\\/\\\/www.euroboxpackaging.com\\\/fr\\\/politique-de-cookies\\\/\",\"name\":\"Politique de cookies - Eurobox\",\"isPartOf\":{\"@id\":\"https:\\\/\\\/www.euroboxpackaging.com\\\/fr\\\/#website\"},\"datePublished\":\"2022-04-11T07:25:00+00:00\",\"dateModified\":\"2022-05-23T14:38:54+00:00\",\"description\":\"Politique de Cookies Informations g\u00e9n\u00e9ralesNous utilisons des cookies pour faciliter l\u2019utilisation de notre site Web.Les cookies nous permettent de mieux\",\"breadcrumb\":{\"@id\":\"https:\\\/\\\/www.euroboxpackaging.com\\\/fr\\\/politique-de-cookies\\\/#breadcrumb\"},\"inLanguage\":\"fr-FR\",\"potentialAction\":[{\"@type\":\"ReadAction\",\"target\":[\"https:\\\/\\\/www.euroboxpackaging.com\\\/fr\\\/politique-de-cookies\\\/\"]}]},{\"@type\":\"BreadcrumbList\",\"@id\":\"https:\\\/\\\/www.euroboxpackaging.com\\\/fr\\\/politique-de-cookies\\\/#breadcrumb\",\"itemListElement\":[{\"@type\":\"ListItem\",\"position\":1,\"name\":\"Home\",\"item\":\"https:\\\/\\\/www.euroboxpackaging.com\\\/fr\\\/\"},{\"@type\":\"ListItem\",\"position\":2,\"name\":\"Politique de cookies\"}]},{\"@type\":\"WebSite\",\"@id\":\"https:\\\/\\\/www.euroboxpackaging.com\\\/fr\\\/#website\",\"url\":\"https:\\\/\\\/www.euroboxpackaging.com\\\/fr\\\/\",\"name\":\"Eurobox\",\"description\":\"Otro sitio realizado con WordPress\",\"potentialAction\":[{\"@type\":\"SearchAction\",\"target\":{\"@type\":\"EntryPoint\",\"urlTemplate\":\"https:\\\/\\\/www.euroboxpackaging.com\\\/fr\\\/?s={search_term_string}\"},\"query-input\":{\"@type\":\"PropertyValueSpecification\",\"valueRequired\":true,\"valueName\":\"search_term_string\"}}],\"inLanguage\":\"fr-FR\"}]}<\/script>\n<!-- \/ Yoast SEO plugin. -->","yoast_head_json":{"title":"Politique de cookies - Eurobox","description":"Politique de Cookies Informations g\u00e9n\u00e9ralesNous utilisons des cookies pour faciliter l\u2019utilisation de notre site Web.Les cookies nous permettent de mieux","robots":{"index":"noindex","follow":"follow"},"og_locale":"fr_FR","og_type":"article","og_title":"Politique de cookies - Eurobox","og_description":"Politique de Cookies Informations g\u00e9n\u00e9ralesNous utilisons des cookies pour faciliter l\u2019utilisation de notre site Web.Les cookies nous permettent de mieux","og_url":"https:\/\/www.euroboxpackaging.com\/fr\/politique-de-cookies\/","og_site_name":"Eurobox","article_modified_time":"2022-05-23T14:38:54+00:00","twitter_card":"summary_large_image","twitter_misc":{"Dur\u00e9e de lecture estim\u00e9e":"8 minutes"},"schema":{"@context":"https:\/\/schema.org","@graph":[{"@type":"WebPage","@id":"https:\/\/www.euroboxpackaging.com\/fr\/politique-de-cookies\/","url":"https:\/\/www.euroboxpackaging.com\/fr\/politique-de-cookies\/","name":"Politique de cookies - Eurobox","isPartOf":{"@id":"https:\/\/www.euroboxpackaging.com\/fr\/#website"},"datePublished":"2022-04-11T07:25:00+00:00","dateModified":"2022-05-23T14:38:54+00:00","description":"Politique de Cookies Informations g\u00e9n\u00e9ralesNous utilisons des cookies pour faciliter l\u2019utilisation de notre site Web.Les cookies nous permettent de mieux","breadcrumb":{"@id":"https:\/\/www.euroboxpackaging.com\/fr\/politique-de-cookies\/#breadcrumb"},"inLanguage":"fr-FR","potentialAction":[{"@type":"ReadAction","target":["https:\/\/www.euroboxpackaging.com\/fr\/politique-de-cookies\/"]}]},{"@type":"BreadcrumbList","@id":"https:\/\/www.euroboxpackaging.com\/fr\/politique-de-cookies\/#breadcrumb","itemListElement":[{"@type":"ListItem","position":1,"name":"Home","item":"https:\/\/www.euroboxpackaging.com\/fr\/"},{"@type":"ListItem","position":2,"name":"Politique de cookies"}]},{"@type":"WebSite","@id":"https:\/\/www.euroboxpackaging.com\/fr\/#website","url":"https:\/\/www.euroboxpackaging.com\/fr\/","name":"Eurobox","description":"Otro sitio realizado con WordPress","potentialAction":[{"@type":"SearchAction","target":{"@type":"EntryPoint","urlTemplate":"https:\/\/www.euroboxpackaging.com\/fr\/?s={search_term_string}"},"query-input":{"@type":"PropertyValueSpecification","valueRequired":true,"valueName":"search_term_string"}}],"inLanguage":"fr-FR"}]}},"_links":{"self":[{"href":"https:\/\/www.euroboxpackaging.com\/fr\/wp-json\/wp\/v2\/pages\/8192","targetHints":{"allow":["GET"]}}],"collection":[{"href":"https:\/\/www.euroboxpackaging.com\/fr\/wp-json\/wp\/v2\/pages"}],"about":[{"href":"https:\/\/www.euroboxpackaging.com\/fr\/wp-json\/wp\/v2\/types\/page"}],"author":[{"embeddable":true,"href":"https:\/\/www.euroboxpackaging.com\/fr\/wp-json\/wp\/v2\/users\/1"}],"replies":[{"embeddable":true,"href":"https:\/\/www.euroboxpackaging.com\/fr\/wp-json\/wp\/v2\/comments?post=8192"}],"version-history":[{"count":0,"href":"https:\/\/www.euroboxpackaging.com\/fr\/wp-json\/wp\/v2\/pages\/8192\/revisions"}],"wp:attachment":[{"href":"https:\/\/www.euroboxpackaging.com\/fr\/wp-json\/wp\/v2\/media?parent=8192"}],"curies":[{"name":"wp","href":"https:\/\/api.w.org\/{rel}","templated":true}]}}